{"id":6640,"date":"2021-09-13T12:50:47","date_gmt":"2021-09-13T15:50:47","guid":{"rendered":"http:\/\/icsantosnew1.hospedagemdesites.ws\/?page_id=6640"},"modified":"2024-07-15T16:41:18","modified_gmt":"2024-07-15T19:41:18","slug":"sede-guaruja-sp","status":"publish","type":"page","link":"http:\/\/icsantosnew1.hospedagemdesites.ws\/?page_id=6640","title":{"rendered":"Sede Guaruj\u00e1 &#8211; SP"},"content":{"rendered":"<p>Sede Guaruj\u00e1 &#8211; 1947 Primeira casa do clube, a sede Guaruj\u00e1 foi constru\u00edda em 1947 e hoje det\u00e9m a melhor estrutura \u00e0 beira-mar da regi\u00e3o. Com localiza\u00e7\u00e3o privilegiada, o clube oferece nesta sede um servi\u00e7o semelhante a um hotel 5 estrelas. Flats, restaurante, pizza <a href=\"http:\/\/icsantosnew1.hospedagemdesites.ws\/?page_id=6640\" title=\"Read more on Sede Guaruj\u00e1 &#8211; SP\" class=\"more-link\">read more<\/a><\/p>\n<!-- AddThis Advanced Settings generic via filter on the_content --><!-- AddThis Share Buttons generic via filter on the_content -->","protected":false},"excerpt":{"rendered":"<p>Sede Guaruj\u00e1 &#8211; 1947 Primeira casa do clube, a sede Guaruj\u00e1 foi constru\u00edda em 1947 e hoje det\u00e9m a melhor estrutura \u00e0 beira-mar da regi\u00e3o. Com localiza\u00e7\u00e3o privilegiada, o clube oferece nesta sede um servi\u00e7o semelhante a um hotel 5 estrelas. Flats, restaurante, pizza read more<!-- AddThis Advanced Settings generic via filter on get_the_excerpt --><!-- AddThis Share Buttons generic via filter on get_the_excerpt --><\/p>\n","protected":false},"author":4,"featured_media":0,"parent":0,"menu_order":0,"comment_status":"closed","ping_status":"closed","template":"","meta":{"_links_to":"","_links_to_target":""},"_links":{"self":[{"href":"http:\/\/icsantosnew1.hospedagemdesites.ws\/index.php?rest_route=\/wp\/v2\/pages\/6640"}],"collection":[{"href":"http:\/\/icsantosnew1.hospedagemdesites.ws\/index.php?rest_route=\/wp\/v2\/pages"}],"about":[{"href":"http:\/\/icsantosnew1.hospedagemdesites.ws\/index.php?rest_route=\/wp\/v2\/types\/page"}],"author":[{"embeddable":true,"href":"http:\/\/icsantosnew1.hospedagemdesites.ws\/index.php?rest_route=\/wp\/v2\/users\/4"}],"replies":[{"embeddable":true,"href":"http:\/\/icsantosnew1.hospedagemdesites.ws\/index.php?rest_route=%2Fwp%2Fv2%2Fcomments&post=6640"}],"version-history":[{"count":8,"href":"http:\/\/icsantosnew1.hospedagemdesites.ws\/index.php?rest_route=\/wp\/v2\/pages\/6640\/revisions"}],"predecessor-version":[{"id":6760,"href":"http:\/\/icsantosnew1.hospedagemdesites.ws\/index.php?rest_route=\/wp\/v2\/pages\/6640\/revisions\/6760"}],"wp:attachment":[{"href":"http:\/\/icsantosnew1.hospedagemdesites.ws\/index.php?rest_route=%2Fwp%2Fv2%2Fmedia&parent=6640"}],"curies":[{"name":"wp","href":"https:\/\/api.w.org\/{rel}","templated":true}]}}