{"id":6594,"date":"2021-09-07T20:26:49","date_gmt":"2021-09-07T23:26:49","guid":{"rendered":"http:\/\/icsantosnew1.hospedagemdesites.ws\/?page_id=6594"},"modified":"2024-07-15T15:43:41","modified_gmt":"2024-07-15T18:43:41","slug":"sede-angra-dos-reis-rj","status":"publish","type":"page","link":"http:\/\/icsantosnew1.hospedagemdesites.ws\/?page_id=6594","title":{"rendered":"Sede Angra dos Reis &#8211; RJ"},"content":{"rendered":"<p>Sede Angra dos Reis &#8211; 1986 Localizada no Condom\u00ednio Porto Frade, a sede Angra dos Reis \u00e9 o para\u00edso do Iate Clube de Santos. Constru\u00edda em um terreno de 87.200 m2, a sede fluminense tamb\u00e9m oferece infraestrutura completa para o lazer de toda a fam\u00edlia; flats, quadr <a href=\"http:\/\/icsantosnew1.hospedagemdesites.ws\/?page_id=6594\" title=\"Read more on Sede Angra dos Reis &#8211; RJ\" class=\"more-link\">read more<\/a><\/p>\n<!-- AddThis Advanced Settings generic via filter on the_content --><!-- AddThis Share Buttons generic via filter on the_content -->","protected":false},"excerpt":{"rendered":"<p>Sede Angra dos Reis &#8211; 1986 Localizada no Condom\u00ednio Porto Frade, a sede Angra dos Reis \u00e9 o para\u00edso do Iate Clube de Santos. Constru\u00edda em um terreno de 87.200 m2, a sede fluminense tamb\u00e9m oferece infraestrutura completa para o lazer de toda a fam\u00edlia; flats, quadr read more<!-- AddThis Advanced Settings generic via filter on get_the_excerpt --><!-- AddThis Share Buttons generic via filter on get_the_excerpt --><\/p>\n","protected":false},"author":4,"featured_media":0,"parent":0,"menu_order":0,"comment_status":"closed","ping_status":"closed","template":"","meta":{"_links_to":"","_links_to_target":""},"_links":{"self":[{"href":"http:\/\/icsantosnew1.hospedagemdesites.ws\/index.php?rest_route=\/wp\/v2\/pages\/6594"}],"collection":[{"href":"http:\/\/icsantosnew1.hospedagemdesites.ws\/index.php?rest_route=\/wp\/v2\/pages"}],"about":[{"href":"http:\/\/icsantosnew1.hospedagemdesites.ws\/index.php?rest_route=\/wp\/v2\/types\/page"}],"author":[{"embeddable":true,"href":"http:\/\/icsantosnew1.hospedagemdesites.ws\/index.php?rest_route=\/wp\/v2\/users\/4"}],"replies":[{"embeddable":true,"href":"http:\/\/icsantosnew1.hospedagemdesites.ws\/index.php?rest_route=%2Fwp%2Fv2%2Fcomments&post=6594"}],"version-history":[{"count":13,"href":"http:\/\/icsantosnew1.hospedagemdesites.ws\/index.php?rest_route=\/wp\/v2\/pages\/6594\/revisions"}],"predecessor-version":[{"id":6758,"href":"http:\/\/icsantosnew1.hospedagemdesites.ws\/index.php?rest_route=\/wp\/v2\/pages\/6594\/revisions\/6758"}],"wp:attachment":[{"href":"http:\/\/icsantosnew1.hospedagemdesites.ws\/index.php?rest_route=%2Fwp%2Fv2%2Fmedia&parent=6594"}],"curies":[{"name":"wp","href":"https:\/\/api.w.org\/{rel}","templated":true}]}}