{"id":5984,"date":"2020-06-04T18:23:02","date_gmt":"2020-06-04T21:23:02","guid":{"rendered":"http:\/\/icsantosnew1.hospedagemdesites.ws\/?page_id=5984"},"modified":"2020-06-05T09:34:09","modified_gmt":"2020-06-05T12:34:09","slug":"palavra-do-comodoro-3","status":"publish","type":"page","link":"http:\/\/icsantosnew1.hospedagemdesites.ws\/?page_id=5984","title":{"rendered":"Palavra do Comodoro"},"content":{"rendered":"<p>&nbsp; Pacotes econ\u00f4micos, crises, mudan\u00e7as pol\u00edticas&#8230; O Iate Clube de Santos, mesmo operando em uma das mais vol\u00faveis \u00e1reas de atividade &#8211; o lazer n\u00e1utico &#8211; vem superando todas as \u00a0dificuldades h\u00e1 exatos 73 anos. Da alegre reuni\u00e3o de velejadores dos p <a href=\"http:\/\/icsantosnew1.hospedagemdesites.ws\/?page_id=5984\" title=\"Read more on Palavra do Comodoro\" class=\"more-link\">read more<\/a><\/p>\n<!-- AddThis Advanced Settings generic via filter on the_content --><!-- AddThis Share Buttons generic via filter on the_content -->","protected":false},"excerpt":{"rendered":"<p>&nbsp; Pacotes econ\u00f4micos, crises, mudan\u00e7as pol\u00edticas&#8230; O Iate Clube de Santos, mesmo operando em uma das mais vol\u00faveis \u00e1reas de atividade &#8211; o lazer n\u00e1utico &#8211; vem superando todas as \u00a0dificuldades h\u00e1 exatos 73 anos. Da alegre reuni\u00e3o de velejadores dos p read more<!-- AddThis Advanced Settings generic via filter on get_the_excerpt --><!-- AddThis Share Buttons generic via filter on get_the_excerpt --><\/p>\n","protected":false},"author":4,"featured_media":0,"parent":0,"menu_order":0,"comment_status":"closed","ping_status":"closed","template":"","meta":{"_links_to":"","_links_to_target":""},"_links":{"self":[{"href":"http:\/\/icsantosnew1.hospedagemdesites.ws\/index.php?rest_route=\/wp\/v2\/pages\/5984"}],"collection":[{"href":"http:\/\/icsantosnew1.hospedagemdesites.ws\/index.php?rest_route=\/wp\/v2\/pages"}],"about":[{"href":"http:\/\/icsantosnew1.hospedagemdesites.ws\/index.php?rest_route=\/wp\/v2\/types\/page"}],"author":[{"embeddable":true,"href":"http:\/\/icsantosnew1.hospedagemdesites.ws\/index.php?rest_route=\/wp\/v2\/users\/4"}],"replies":[{"embeddable":true,"href":"http:\/\/icsantosnew1.hospedagemdesites.ws\/index.php?rest_route=%2Fwp%2Fv2%2Fcomments&post=5984"}],"version-history":[{"count":3,"href":"http:\/\/icsantosnew1.hospedagemdesites.ws\/index.php?rest_route=\/wp\/v2\/pages\/5984\/revisions"}],"predecessor-version":[{"id":5997,"href":"http:\/\/icsantosnew1.hospedagemdesites.ws\/index.php?rest_route=\/wp\/v2\/pages\/5984\/revisions\/5997"}],"wp:attachment":[{"href":"http:\/\/icsantosnew1.hospedagemdesites.ws\/index.php?rest_route=%2Fwp%2Fv2%2Fmedia&parent=5984"}],"curies":[{"name":"wp","href":"https:\/\/api.w.org\/{rel}","templated":true}]}}